{"id":31,"date":"2018-10-10T10:27:59","date_gmt":"2018-10-10T10:27:59","guid":{"rendered":"https:\/\/foro2019.observalocal.com\/?page_id=31"},"modified":"2022-10-07T09:14:32","modified_gmt":"2022-10-07T09:14:32","slug":"objetivos","status":"publish","type":"page","link":"https:\/\/foro2022.observalocal.com\/?page_id=31","title":{"rendered":"Objetivos"},"content":{"rendered":"<p>La Universidad de Murcia,\u00a0 la C\u00e1tedra de Agenda Urbana y Desarrollo Estrat\u00e9gico Local, la Universidad Polit\u00e9cnica de Cartagena, junto al Observatorio de Desarrollo Rural, Local y Empleo y la Asociaci\u00f3n de Agentes de Empleo y Desarrollo Local de la Regi\u00f3n de Murcia, organizan el <strong>IX Foro Regional de Empleo y Desarrollo Local<\/strong>. Este evento, que se celebrar\u00e1 el d\u00eda 22 de noviembre de 2022 en la Facultad de Ciencias del Trabajo, se ha consolidado ya como un punto de encuentro y debate a estudiantes, profesores y t\u00e9cnicos de empleo y desarrollo local que trabajan o tienen inter\u00e9s en la promoci\u00f3n econ\u00f3mica y la creaci\u00f3n de empleo.<\/p>\n<p><span lang=\"es-ES\">En esta ocasi\u00f3n, la ma\u00f1ana del Foro de Empleo girar\u00e1 en torno las pol\u00edticas locales de empleo,<strong>\u00a0<\/strong><\/span><span lang=\"es-ES\">mientras que la tarde se focalizar\u00e1n en experiencias llevadas a cabo para fomentar el emprendimiento y la inserci\u00f3n de colectivos vulnerables<\/span><span lang=\"es-ES\"><b>,<\/b><\/span><span lang=\"es-ES\"> donde se realizar\u00e1n\u00a0<\/span> <span lang=\"es-ES\">mesas redondas con las principales entidades de la Regi\u00f3n. <\/span><\/p>\n<p><span lang=\"es-ES\">De forma simultanea, el Foro contar\u00e1 con una <\/span><span lang=\"es-ES\"><b>feria de empleo<\/b><\/span> <span lang=\"es-ES\">en la que se dar\u00e1 a conocer la labor que se est\u00e1 desarrollando en las entidades participantes. <\/span><\/p>\n<p><span lang=\"es-ES\">As\u00ed mismo, tendr\u00e1 lugar la entrega de la <\/span><span lang=\"es-ES\"><b>VIII Edici\u00f3n de los Premios de Desarrollo Local y Empleo,<\/b><\/span> organizados por la C\u00e1tedra de Agenda Urbana y Desarrollo Estrat\u00e9gico Local, <span lang=\"es-ES\">con los que se galardonar\u00e1 a las entidades, profesionales y pr\u00e1cticas m\u00e1s destacadas del \u00faltimo a\u00f1o.<\/span><\/p>\n","protected":false},"excerpt":{"rendered":"<p>La Universidad de Murcia,\u00a0 la C\u00e1tedra de Agenda Urbana y Desarrollo Estrat\u00e9gico Local, la Universidad Polit\u00e9cnica de Cartagena, junto al Observatorio de Desarrollo Rural, Local y Empleo y la Asociaci\u00f3n de Agentes de Empleo y Desarrollo Local de la Regi\u00f3n de Murcia, organizan el IX Foro Regional de Empleo y Desarrollo Local. Este evento, que &hellip; <\/p>\n<p class=\"link-more\"><a href=\"https:\/\/foro2022.observalocal.com\/?page_id=31\" class=\"more-link\">Continuar leyendo<span class=\"screen-reader-text\"> \u00abObjetivos\u00bb<\/span><\/a><\/p>\n","protected":false},"author":1,"featured_media":48,"parent":0,"menu_order":0,"comment_status":"closed","ping_status":"open","template":"","meta":{"_exactmetrics_skip_tracking":false,"_exactmetrics_sitenote_active":false,"_exactmetrics_sitenote_note":"","_exactmetrics_sitenote_category":0},"_links":{"self":[{"href":"https:\/\/foro2022.observalocal.com\/index.php?rest_route=\/wp\/v2\/pages\/31"}],"collection":[{"href":"https:\/\/foro2022.observalocal.com\/index.php?rest_route=\/wp\/v2\/pages"}],"about":[{"href":"https:\/\/foro2022.observalocal.com\/index.php?rest_route=\/wp\/v2\/types\/page"}],"author":[{"embeddable":true,"href":"https:\/\/foro2022.observalocal.com\/index.php?rest_route=\/wp\/v2\/users\/1"}],"replies":[{"embeddable":true,"href":"https:\/\/foro2022.observalocal.com\/index.php?rest_route=%2Fwp%2Fv2%2Fcomments&post=31"}],"version-history":[{"count":8,"href":"https:\/\/foro2022.observalocal.com\/index.php?rest_route=\/wp\/v2\/pages\/31\/revisions"}],"predecessor-version":[{"id":995,"href":"https:\/\/foro2022.observalocal.com\/index.php?rest_route=\/wp\/v2\/pages\/31\/revisions\/995"}],"wp:featuredmedia":[{"embeddable":true,"href":"https:\/\/foro2022.observalocal.com\/index.php?rest_route=\/wp\/v2\/media\/48"}],"wp:attachment":[{"href":"https:\/\/foro2022.observalocal.com\/index.php?rest_route=%2Fwp%2Fv2%2Fmedia&parent=31"}],"curies":[{"name":"wp","href":"https:\/\/api.w.org\/{rel}","templated":true}]}}