{"id":423,"date":"2019-10-28T11:17:54","date_gmt":"2019-10-28T11:17:54","guid":{"rendered":"https:\/\/foro2019.observalocal.com\/?page_id=423"},"modified":"2022-11-22T17:25:58","modified_gmt":"2022-11-22T17:25:58","slug":"programa","status":"publish","type":"page","link":"https:\/\/foro2022.observalocal.com\/?page_id=423","title":{"rendered":"Programa"},"content":{"rendered":"\n<p class=\"has-text-align-center\"><strong>IX FORO EMPLEO Y DESARROLLO LOCAL (PROGRAMA PROVISIONAL)<\/strong><\/p>\n\n\n\n<p class=\"has-text-align-center\">22  de noviembre de 2022 \u2013 Fac. CC. Trabajo. Universidad de Murcia<\/p>\n\n\n\n<h2><strong>MA\u00d1ANA<\/strong><\/h2>\n\n\n\n<p>PLANTA CERO<\/p>\n\n\n\n<h2>9:30. <strong><em>Visita e inauguraci\u00f3n de la Feria de Desarrollo local y Empleo. Presentaci\u00f3n de las jornadas.<\/em><\/strong><\/h2>\n\n\n\n<ul start=\"9\"><li><strong>Jos\u00e9 Luj\u00e1n Alcaraz<\/strong>. <em>Rector de la Universidad de Murcia<\/em>.<\/li><li><strong>Marisa L\u00f3pez Arag\u00f3n.<\/strong><em> Directora General del SEFCARM<\/em>.<\/li><li><strong>Prudencio Jos\u00e9 Riquelme Perea<\/strong>. <em>Decano de la Facultad de Ciencias del Trabajo<\/em>.<\/li><\/ul>\n\n\n\n<p><\/p>\n\n\n\n<h2>10.30 <em><strong>El Plan Municipal de Empleo y Promoci\u00f3n Econ\u00f3mica de Murcia. <\/strong><\/em><\/h2>\n\n\n\n<p><strong>Matilde L\u00f3pez de Haro<em>.<\/em><\/strong><em><strong> <\/strong>Jefa de Servicio de Empleo y Promoci\u00f3n Econ\u00f3mica. Ayuntamiento de Murcia. <\/em><\/p>\n\n\n\n<h2>11.30 <em><strong>La intervenci\u00f3n participativa en barrios.<\/strong><\/em> <\/h2>\n\n\n\n<p><em><strong>Gerardo S\u00e1nchez Romero. <\/strong>Director de ADN-Urbano<strong>. <\/strong><\/em><\/p>\n\n\n\n<h2>12.00 <em><strong>Mesa redonda. Entendiendo el Desarrollo local. <\/strong><\/em><\/h2>\n\n\n\n<p><em><strong>Fulgencio Cer\u00f3n. <\/strong>Ayuntamiento de Cartagena<\/em>.<\/p>\n\n\n\n<p><em><strong>Blanca Bellas. <\/strong><\/em>Ayuntamiento de Mazarr\u00f3n.<\/p>\n\n\n\n<p><em><strong> \u00c1ngel P\u00e9rez. <\/strong><\/em>Ayuntamiento de Jumilla. <\/p>\n\n\n\n<p><em><strong>Carlos Moreno. <\/strong><\/em>Ayuntamiento de San Pedro del Pinatar.<\/p>\n\n\n\n<h2>13.00 <em><strong>Entrega de Premios al Desarrollo Local en la Regi\u00f3n de Murcia<\/strong><\/em><\/h2>\n\n\n\n<h2><strong>TARDE<\/strong><\/h2>\n\n\n\n<h2>16:30 <strong><em>Conceptualizaci\u00f3n de la figura de los j\u00f3venes extutelados: el colectivo JEX. <\/em><\/strong><\/h2>\n\n\n\n<p><strong>Silvia Mu\u00f1oz Hern\u00e1ndez<\/strong>. <em>Directora General de Familias y Protecci\u00f3n de Menores. CARM<\/em>.<\/p>\n\n\n\n<h2>17:30<strong> <\/strong><em><strong>Mesa redonda: \u201cExperiencias en orientaci\u00f3n laboral con el colectivo de los JEX\u201d:<\/strong><\/em><\/h2>\n\n\n\n<ul><li><strong>Carlos Gonz\u00e1lez . <\/strong><em>ACCEM<\/em><\/li><li><strong>Patricia Mompe\u00e1n.<\/strong><em> C\u00e1ritas<\/em><\/li><li><strong>Olaya Moreno.<\/strong> <em>Cruz Roja<\/em><\/li><li><strong>Juli\u00e1n D\u00edaz.<\/strong> <em>Fundaci\u00f3n Antonio Moreno<\/em><\/li><li><strong>Mar\u00eda Lemsaddaq.<\/strong> <em>Fundaci\u00f3n Diagrama<\/em><\/li><\/ul>\n","protected":false},"excerpt":{"rendered":"<p>IX FORO EMPLEO Y DESARROLLO LOCAL (PROGRAMA PROVISIONAL) 22 de noviembre de 2022 \u2013 Fac. CC. Trabajo. Universidad de Murcia MA\u00d1ANA PLANTA CERO 9:30. Visita e inauguraci\u00f3n de la Feria de Desarrollo local y Empleo. Presentaci\u00f3n de las jornadas. Jos\u00e9 Luj\u00e1n Alcaraz. Rector de la Universidad de Murcia. Marisa L\u00f3pez Arag\u00f3n. Directora General del SEFCARM. &hellip; <\/p>\n<p class=\"link-more\"><a href=\"https:\/\/foro2022.observalocal.com\/?page_id=423\" class=\"more-link\">Continuar leyendo<span class=\"screen-reader-text\"> \u00abPrograma\u00bb<\/span><\/a><\/p>\n","protected":false},"author":1,"featured_media":0,"parent":0,"menu_order":0,"comment_status":"closed","ping_status":"open","template":"","meta":{"_exactmetrics_skip_tracking":false,"_exactmetrics_sitenote_active":false,"_exactmetrics_sitenote_note":"","_exactmetrics_sitenote_category":0},"_links":{"self":[{"href":"https:\/\/foro2022.observalocal.com\/index.php?rest_route=\/wp\/v2\/pages\/423"}],"collection":[{"href":"https:\/\/foro2022.observalocal.com\/index.php?rest_route=\/wp\/v2\/pages"}],"about":[{"href":"https:\/\/foro2022.observalocal.com\/index.php?rest_route=\/wp\/v2\/types\/page"}],"author":[{"embeddable":true,"href":"https:\/\/foro2022.observalocal.com\/index.php?rest_route=\/wp\/v2\/users\/1"}],"replies":[{"embeddable":true,"href":"https:\/\/foro2022.observalocal.com\/index.php?rest_route=%2Fwp%2Fv2%2Fcomments&post=423"}],"version-history":[{"count":21,"href":"https:\/\/foro2022.observalocal.com\/index.php?rest_route=\/wp\/v2\/pages\/423\/revisions"}],"predecessor-version":[{"id":1017,"href":"https:\/\/foro2022.observalocal.com\/index.php?rest_route=\/wp\/v2\/pages\/423\/revisions\/1017"}],"wp:attachment":[{"href":"https:\/\/foro2022.observalocal.com\/index.php?rest_route=%2Fwp%2Fv2%2Fmedia&parent=423"}],"curies":[{"name":"wp","href":"https:\/\/api.w.org\/{rel}","templated":true}]}}